{"id":6,"date":"2018-04-25T10:02:35","date_gmt":"2018-04-25T10:02:35","guid":{"rendered":"http:\/\/www.cgisearch.nu\/?page_id=6"},"modified":"2019-08-13T17:56:11","modified_gmt":"2019-08-13T17:56:11","slug":"cgisearch-effekter-och-datoranimering-ar-var-varld","status":"publish","type":"page","link":"http:\/\/www.cgisearch.nu\/","title":{"rendered":"Mer information CGI tekniken"},"content":{"rendered":"<p><a href=\"http:\/\/www.cgisearch.nu\/wp-content\/uploads\/2018\/04\/cgi.jpg\"><img loading=\"lazy\" decoding=\"async\" class=\"alignnone size-full wp-image-28\" src=\"http:\/\/www.cgisearch.nu\/wp-content\/uploads\/2018\/04\/cgi.jpg\" alt=\"\" width=\"900\" height=\"600\" srcset=\"http:\/\/www.cgisearch.nu\/wp-content\/uploads\/2018\/04\/cgi.jpg 900w, http:\/\/www.cgisearch.nu\/wp-content\/uploads\/2018\/04\/cgi-300x200.jpg 300w, http:\/\/www.cgisearch.nu\/wp-content\/uploads\/2018\/04\/cgi-768x512.jpg 768w\" sizes=\"(max-width: 900px) 100vw, 900px\" \/><\/a><\/p>\n<p>Idag framst\u00e4ller vi m\u00e5nga delar i en film med hj\u00e4lp av kraftfulla datorer och den senaste programvaran. B\u00e5de i film och reklamfilmer ser man vad man brukar kalla VFX, vilket \u00e4r specialeffekter av olika slag.<\/p>\n<p>&nbsp;<\/p>\n<h2>Datoranimation \u00e4r en illusion av r\u00f6relse<\/h2>\n<p>Det \u00e4r en konst att skapa en datoranimation. Att skapa en trov\u00e4rdig datoranimation inneb\u00e4r att man skapar en illusion av en r\u00f6relse i formen av en bild som sedan visas p\u00e5 en datornsk\u00e4rm. Sj\u00e4lva bilden ers\u00e4tts kontinuerligt i sin tur med en ny bild som liknar den tidigare. Man brukar anv\u00e4nda sig av 25 till 30 bilder per sekund beroende p\u00e5 projekt. Sj\u00e4lva tekniken \u00e4r vanlig vanlig och anv\u00e4nds b\u00e5de i filmer och tvprogram v\u00e4rlden \u00f6ver.<\/p>\n<p><a href=\"http:\/\/www.cgisearch.nu\/wp-content\/uploads\/2018\/04\/cgieffekter.jpg\"><img loading=\"lazy\" decoding=\"async\" class=\"alignnone wp-image-39\" src=\"http:\/\/www.cgisearch.nu\/wp-content\/uploads\/2018\/04\/cgieffekter-1024x576.jpg\" alt=\"\" width=\"887\" height=\"499\" srcset=\"http:\/\/www.cgisearch.nu\/wp-content\/uploads\/2018\/04\/cgieffekter-1024x576.jpg 1024w, http:\/\/www.cgisearch.nu\/wp-content\/uploads\/2018\/04\/cgieffekter-300x169.jpg 300w, http:\/\/www.cgisearch.nu\/wp-content\/uploads\/2018\/04\/cgieffekter-768x432.jpg 768w, http:\/\/www.cgisearch.nu\/wp-content\/uploads\/2018\/04\/cgieffekter.jpg 1280w\" sizes=\"(max-width: 887px) 100vw, 887px\" \/><\/a><\/p>\n<p>&nbsp;<\/p>\n<h2><span id=\"F\u00f6retag_som_arbetar_med_datoranimation\" class=\"mw-headline\">F\u00f6retag som arbetar med datoranimation<\/span><\/h2>\n<p>Det finns ett flertal f\u00f6retag som arbetar med CGI-effekter. Ett urval av de mest k\u00e4nda akt\u00f6rerna \u00e4r bland annat Dreamworks Animation, Pixar, Meteor Studio och Impossible pictures.\u00a0\u00c4ven Meteor Studios och Industrial Light and Magic samt Framestore \u00e4r f\u00f6retag som ofta arbetar med de st\u00f6rsta projekten.<\/p>\n<p><a href=\"http:\/\/www.cgisearch.nu\/wp-content\/uploads\/2018\/04\/cgi-effekt.jpg\"><img loading=\"lazy\" decoding=\"async\" class=\"alignnone wp-image-11 size-full\" src=\"http:\/\/www.cgisearch.nu\/wp-content\/uploads\/2018\/04\/cgi-effekt.jpg\" alt=\"\" width=\"616\" height=\"336\" srcset=\"http:\/\/www.cgisearch.nu\/wp-content\/uploads\/2018\/04\/cgi-effekt.jpg 616w, http:\/\/www.cgisearch.nu\/wp-content\/uploads\/2018\/04\/cgi-effekt-300x164.jpg 300w\" sizes=\"(max-width: 616px) 100vw, 616px\" \/><\/a><\/p>\n<h2><\/h2>\n<h2>Vill du arbeta med datoranimering?<\/h2>\n<p>Om du \u00e4r intresserad av att arbeta med datoranimering s\u00e5 finns det bra utbildningar i Sverige som erbjuder kurser av h\u00f6g kvalitet. J\u00f6nk\u00f6pingsuniversitet har en utbildning som heter Visuella Effekter och h\u00e4r erbjuds en h\u00f6gskoleexamen med inritkning mot Visuella effekter. Programmet startar till h\u00f6sten 2018. <a href=\"http:\/\/ju.se\/studera\/program\/program-pa-grundniva\/visuella-effekter.html\">Klicka h\u00e4r<\/a> f\u00f6r att l\u00e4sa mer om utbildningen.<\/p>\n<p>&nbsp;<\/p>\n<h2>Datoranimering anv\u00e4nds inom m\u00e5nga branscher<\/h2>\n<p>M\u00e5nga olika branscher drar nytta av datoranimeringstekniken. Ett exempel \u00e4r fordonsindustrin som genomf\u00f6r simuleringar med hj\u00e4lp av datorteknik vilket \u00e4r betydligt mer kostnadseffektivt. \u00c4ven inom belysningsindustrin ser vi hur denna teknik ofta till\u00e4mpas. Vi hade en kort dialog med Jonas fr\u00e5n n\u00e4tbutiken <a href=\"https:\/\/ljusgiganten.se\">Ljusgiganten<\/a> som f\u00f6rklarade hur man via tillverkaren av sina produkter till\u00e4mpat animeringstekniker f\u00f6r att \u00e5terskapa en verklighetstrogen ljusbild. Tanken med detta \u00e4r att f\u00e5 ett tidigt resultat innan tillverkningen ens hunnit komma ig\u00e5ng. Med andra ord kan man se ifall det b\u00e4r eller brister i ett v\u00e4ldigt tidigt skede i processen och p\u00e5 s\u00e5 s\u00e4tt undvika h\u00f6ga utvecklingskostnader.<\/p>\n<p>&nbsp;<\/p>\n<h2>L\u00e4s mer om datoranimering<\/h2>\n<p>F\u00f6r dig som vill veta mer om datoranimering s\u00e5 kan ni bes\u00f6ka f\u00f6ljande <a href=\"https:\/\/sv.wikipedia.org\/wiki\/Datoranimering\">Wikipedia webbplats<\/a>.<\/p>\n","protected":false},"excerpt":{"rendered":"<p>Idag framst\u00e4ller vi m\u00e5nga delar i en film med hj\u00e4lp av kraftfulla datorer och den senaste programvaran. B\u00e5de i film och reklamfilmer ser man vad man brukar kalla VFX, vilket \u00e4r specialeffekter av olika slag. &nbsp; Datoranimation \u00e4r en illusion av r\u00f6relse Det \u00e4r en konst att skapa en datoranimation. Att skapa en trov\u00e4rdig datoranimation [&hellip;]<\/p>\n","protected":false},"author":1,"featured_media":0,"parent":0,"menu_order":0,"comment_status":"closed","ping_status":"closed","template":"","meta":{"footnotes":""},"_links":{"self":[{"href":"http:\/\/www.cgisearch.nu\/index.php?rest_route=\/wp\/v2\/pages\/6"}],"collection":[{"href":"http:\/\/www.cgisearch.nu\/index.php?rest_route=\/wp\/v2\/pages"}],"about":[{"href":"http:\/\/www.cgisearch.nu\/index.php?rest_route=\/wp\/v2\/types\/page"}],"author":[{"embeddable":true,"href":"http:\/\/www.cgisearch.nu\/index.php?rest_route=\/wp\/v2\/users\/1"}],"replies":[{"embeddable":true,"href":"http:\/\/www.cgisearch.nu\/index.php?rest_route=%2Fwp%2Fv2%2Fcomments&post=6"}],"version-history":[{"count":16,"href":"http:\/\/www.cgisearch.nu\/index.php?rest_route=\/wp\/v2\/pages\/6\/revisions"}],"predecessor-version":[{"id":47,"href":"http:\/\/www.cgisearch.nu\/index.php?rest_route=\/wp\/v2\/pages\/6\/revisions\/47"}],"wp:attachment":[{"href":"http:\/\/www.cgisearch.nu\/index.php?rest_route=%2Fwp%2Fv2%2Fmedia&parent=6"}],"curies":[{"name":"wp","href":"https:\/\/api.w.org\/{rel}","templated":true}]}}